{"id":66,"date":"2022-03-25T10:48:41","date_gmt":"2022-03-25T10:48:41","guid":{"rendered":"http:\/\/robertoivaldi.sviluppo.host\/?page_id=66"},"modified":"2025-02-03T10:02:14","modified_gmt":"2025-02-03T10:02:14","slug":"vox-musicadentro","status":"publish","type":"page","link":"https:\/\/robertoivaldi.com\/?page_id=66","title":{"rendered":"Vox &#8211; musicadentro"},"content":{"rendered":"\n<h1>\n\t\t<a href=\"https:\/\/robertoivaldi.com\/\" title=\"Roberto Ivaldi\" target=\"_self\">\n\t\tRoberto Ivaldi\n\t\t<\/a>\n\t<\/h1>\n<h4>\n\t\tUna voce felice \u00e8 un Canto di Vita\n\t<\/h4>\n\t<h5><em><img loading=\"lazy\" decoding=\"async\" src=\"https:\/\/robertoivaldi.com\/wp-content\/uploads\/2022\/08\/logo-vox-300x239.png\" alt=\"\" width=\"300\" height=\"239\" \/><\/em><\/h5>\n<h4>Vox-musicadentro nasce nel 2014 da un&#8217;idea di Roberto Ivaldi.<\/h4>\n<p>Le esperienze raccolte da numerosi giovani artisti, la cui delusione purtroppo spesso supera il desiderio di continuare a sognare e lottare per raggiungere l&#8217;obiettivo di essere davvero protagonista su di un palco, crea lo stimolo ideale per un&#8217;azione coraggiosa, folle ma altamente importante: trasformare le cose.<\/p>\n<p>&nbsp;<\/p>\n<p>Perch\u00e9 spesso i meritevoli non hanno il loro spazio?<\/p>\n<p>Perch\u00e9 i compromessi vincono spesso sul talento?<\/p>\n<p>Perch\u00e9 la fama \u00e8 pi\u00f9 importante dello studio?<\/p>\n<p>&nbsp;<\/p>\n<p>Attraverso queste domande nasce Vox-musicadentro, il progetto musicale dedicato a tutti gli artisti emergenti e indipendenti, un vero e proprio HUB di formazione con un percorso PERSONALIZZATO e MIRATO e una serie di servizi professionali a esclusivo interesse e beneficio dell&#8217;artista, seguendolo in ogni fase del suo sviluppo (dalla sala prove ai live, fino alla registrazione in studio con relativa distribuzione discografica e promozione, e molti altri servizi) e organizzando sessioni di consulenza, coaching, perfezionamento sul piano tecnico e manageriale e molto altro ancora, fino alla fase di produzione musicale e di campagna promozionale. Tutto questo in totale collaborazione con l&#8217;artista, perch\u00e9 non \u00e8 solo importante arrivare, ma il percorso che si fa per raggiungere la meta. Allora \u00e8 chiaro che questo percorso vada fatto nel migliore dei modi, e Vox-musicadentro vuole essere l&#8217;alternativa migliore della tua musica, per la tua musica, con la tua musica.<\/p>\n<p>&nbsp;<\/p>\n<p>&nbsp;<\/p>\n<p>&nbsp;<\/p>\n<h4>Che servizi comprende il Progetto Vox-musicadentro?<\/h4>\n<p>&nbsp;<\/p>\n<p>HUB DI FORMAZIONE MUSICALE E DIREZIONE ARTISTICA A 360\u00b0<\/p>\n<p>&nbsp;<\/p>\n<p>&nbsp;<\/p>\n<ul>\n<li>WORKSHOP: formazione professionale teorica e pratica sulle tematiche adatte al progetto dell&#8217;artista in ambito tecnico, musicale e di comunicazione con il pubblico, gestione delle differenze tra personaggio artistico e vita reale, la mission artistica, preparazione ad eventi di palco e di eventuali provini.<\/li>\n<\/ul>\n<p>&nbsp;<\/p>\n<ul>\n<li>LABORATORIO PRATICO: tecnica vocale (voce cantata e parlata), arrangiamenti, composizione e parte melodica, sessioni in studio, impostazione e gestione vocale, VOICE LAB di alto perfezionamento vocale con certificazione internazionale.<\/li>\n<\/ul>\n<p>&nbsp;<\/p>\n<ul>\n<li>REGISTRAZIONE IN STUDIO: approfondimento sulle corrette metodologie da seguire in sala prove e studio di registrazione, oltre alle fasi di preparazione a registrazione e assistenza completa in fasi di recording, mixing, producing, mastering e fasi posteriori.<\/li>\n<\/ul>\n<p>&nbsp;<\/p>\n<ul>\n<li>PROCESSO DISCOGRAFICO: creazione e gestione delle piattaforme di collecting (es. SIAE, SOUNDREEF), creazione e gestione dei profili di servizi di music streaming (es. SPOTIFY, APPLE MUSIC), distribuzione discografica indipendente o tramite etichetta, promozione discografica (STREAMING, SOCIAL, RADIO, WEB), analisi di monitoraggio, views e gradimento del prodotto artistico.<\/li>\n<\/ul>\n<p>&nbsp;<\/p>\n<ul>\n<li>PARTE SOCIAL MEDIA: verifica e gestione delle pagine social dell&#8217;artista, workshop di web communication, creazione di piano editoriale (FB, IG e varie piattaforme), corso di gestione social media, target discografico, promozione artistica e musicale, preparazione a interviste (con tutorial di PUBLIC SPEAKING), creazione di comunicato stampa oltre a stesura di soggetto e sceneggiatura per eventuale videoclip.<\/li>\n<\/ul>\n<p>&nbsp;<\/p>\n<ul>\n<li>COUNSELING e COACHING: consulenza artistica e formazione su temi di tutela e privacy legale, manageriale, contrattuale, musicale e professionale, oltre che alla gestione del &#8220;prodotto musica&#8221; e del &#8220;prodotto artista&#8221;.<\/li>\n<\/ul>\n<p>&nbsp;<\/p>\n\n<h4>RICHIEDI SUBITO LA TUA CONSULENZA GRATUITA E SENZA IMPEGNO scrivendo a <a href=\"mailto:info@robertoivaldi.com\">info@robertoivaldi.com<\/a><\/h4>\n<p>&nbsp;<\/p>\n\n<h4>IL TEAM<\/h4>\n<p>&nbsp;<\/p>\n<p><a href=\"https:\/\/robertoivaldi.com\/?page_id=92\">ROBERTO IVALDI<\/a><\/p>\n<p>Docente di canto certificato a livello internazionale e Direttore Artistico per talenti emergenti &#8211; Una Voce Felice \u00e8 un Canto di Vita<\/p>\n<p>&nbsp;<\/p>\n<p><a href=\"https:\/\/www.instagram.com\/beatrice.masterchef\/\">BEATRICE DE TULLIO<\/a><\/p>\n<p>Area Press, HR, PR &amp; Social Media<\/p>\n<p>&nbsp;<\/p>\n<p>MICHELE SUMMA di <a href=\"http:\/\/www.summavideomaking.it\/\">SUMMA VIDEOMAKING<\/a> &#8211; Le tue idee, la nostra passione<\/p>\n<p>Videomaking e Fotografia<\/p>\n<p>&nbsp;<\/p>\n<p>L&#8217;idea professionale \u00e8 quindi quella di prendersi cura dei sogni di tutti gli Artisti Emergenti e\/o Indipendenti, dando valore al loro progetto e credendo fortemente nel potere della vera musica&#8230;quella che nasce dal cuore.<\/p>\n<p>Il progetto Vox-musicadentro \u00e8 ideato per sostenere e valorizzare il talento musicale, attraverso un lavoro fatto di principi professionali e di valore etico, per favorire esclusivamente l&#8217;Artista.<\/p>\n<p>&#8230;Una Voce Felice \u00e8 un Canto di Vita&#8230;<\/p>\n<p>Per chiedere informazioni ed entrare a far parte di questo mondo, scrivi a<\/p>\n<h4><a href=\"mailto:info@robertoivaldi.com\">info@robertoivaldi.com<\/a><\/h4>\n\n\t<p><strong>Copyright \u00a9 2022 Roberto Ivaldi | IT07072140960 | Tutti i diritti riservati\u00a0<\/strong><\/p>\n\n","protected":false},"excerpt":{"rendered":"<p>Roberto Ivaldi Una voce felice \u00e8 un Canto di Vita Vox-musicadentro nasce nel 2014 da un&#8217;idea di Roberto Ivaldi. Le esperienze raccolte da numerosi giovani artisti, la cui delusione purtroppo spesso supera il desiderio di continuare a sognare e lottare per raggiungere l&#8217;obiettivo di essere davvero protagonista su di un palco, crea lo stimolo ideale&hellip;<\/p>\n","protected":false},"author":2,"featured_media":0,"parent":0,"menu_order":0,"comment_status":"closed","ping_status":"closed","template":"","meta":{"footnotes":""},"class_list":["post-66","page","type-page","status-publish","hentry"],"_links":{"self":[{"href":"https:\/\/robertoivaldi.com\/index.php?rest_route=\/wp\/v2\/pages\/66","targetHints":{"allow":["GET"]}}],"collection":[{"href":"https:\/\/robertoivaldi.com\/index.php?rest_route=\/wp\/v2\/pages"}],"about":[{"href":"https:\/\/robertoivaldi.com\/index.php?rest_route=\/wp\/v2\/types\/page"}],"author":[{"embeddable":true,"href":"https:\/\/robertoivaldi.com\/index.php?rest_route=\/wp\/v2\/users\/2"}],"replies":[{"embeddable":true,"href":"https:\/\/robertoivaldi.com\/index.php?rest_route=%2Fwp%2Fv2%2Fcomments&post=66"}],"version-history":[{"count":34,"href":"https:\/\/robertoivaldi.com\/index.php?rest_route=\/wp\/v2\/pages\/66\/revisions"}],"predecessor-version":[{"id":3066,"href":"https:\/\/robertoivaldi.com\/index.php?rest_route=\/wp\/v2\/pages\/66\/revisions\/3066"}],"wp:attachment":[{"href":"https:\/\/robertoivaldi.com\/index.php?rest_route=%2Fwp%2Fv2%2Fmedia&parent=66"}],"curies":[{"name":"wp","href":"https:\/\/api.w.org\/{rel}","templated":true}]}}